{"id":2,"date":"2020-03-17T11:53:16","date_gmt":"2020-03-17T11:53:16","guid":{"rendered":"http:\/\/192.168.23.31\/wordpress\/?page_id=2"},"modified":"2020-09-21T12:08:49","modified_gmt":"2020-09-21T12:08:49","slug":"equipo","status":"publish","type":"page","link":"https:\/\/giia.inf.um.es\/wordpress\/index.php\/equipo\/","title":{"rendered":"Equipo"},"content":{"rendered":"\n<p>La historia de este grupo de investigaci\u00f3n es relativamente breve, aunque est\u00e1 formado por un grupo de investigadores de reconocido prestigio y con una importante experiencia en la direcci\u00f3n y desarrollo de proyectos de investigaci\u00f3n y de transferencia tecnol\u00f3gica.<\/p>\n\n\n\n<blockquote class=\"wp-block-quote\"><p>Bienvenidos a GIIA<\/p><\/blockquote>\n\n\n\n<div class='wpm_main_template wpm_main_template_2'><div class='wpm-6310-carousel'>\r\n            <div id='wpm-6310-slider-2' class='wpm-6310-owl-carousel'>         <div class=\"wpm-6310-item-2\">\r\n            <div  class='wpm_6310_team_style_2 wpm_6310_team_member_info' link-id='1' link-url='https:\/\/twitter.com\/mb_humberto' target='1' team-id='0'>\r\n               <div class=\"wpm_6310_team_style_2_pic\">\r\n                  <img src=\"https:\/\/giia.inf.um.es\/wordpress\/wp-content\/uploads\/2020\/09\/E8oc5j-W_400x400.jpg\" class=\"img-responsive \" alt=\"Humberto Mart\u00ednez Barber\u00e1\">\r\n               <\/div>\r\n               <div class=\"wpm_6310_team_style_2_team_content\">\r\n                  <div class=\"wpm_6310_team_style_2_title\">Humberto Mart\u00ednez Barber\u00e1<\/div>\r\n                  <div class=\"wpm_6310_team_style_2_designation\">Team Leader<\/div>\r\n                  <div class=\"wpm_6310_team_style_2_description\"><\/div>\r\n                  <ul class='wpm_6310_team_style_2_social'><li><a  href='https:\/\/twitter.com\/mb_humberto' target=\"_blank\"  class='open_in_new_tab_class'  class='open_in_new_tab_class wpm-6310-default-css' title='Twitter' id='wpm-social-link-2-1-2'><i class='fab fa-twitter'><\/i><\/a><\/li><li><a  href='https:\/\/www.youtube.com\/user\/HumbyMB' target=\"_blank\"  class='open_in_new_tab_class'  class='open_in_new_tab_class wpm-6310-default-css' title='Youtube' id='wpm-social-link-2-1-14'><i class='fab fa-youtube'><\/i><\/a><\/li><\/ul><style>#wpm-social-link-2-1-2{border: 1px solid rgba(85, 172, 238, 1); background-color: rgba(85, 172, 238, 1); color:#ffffff;} #wpm-social-link-2-1-2:hover{color: rgba(85, 172, 238, 1); background-color:#ffffff;}#wpm-social-link-2-1-2 .fab{color:#ffffff;} #wpm-social-link-2-1-2:hover .fab{color: rgba(85, 172, 238, 1);}<\/style><style>#wpm-social-link-2-1-14{border: 1px solid rgba(205, 32, 31, 1); background-color: rgba(205, 32, 31, 1); color:#ffffff;} #wpm-social-link-2-1-14:hover{color: rgba(205, 32, 31, 1); background-color:#ffffff;}#wpm-social-link-2-1-14 .fab{color:#ffffff;} #wpm-social-link-2-1-14:hover .fab{color: rgba(205, 32, 31, 1);}<\/style>               <\/div>\r\n            <\/div>\r\n         <\/div>\r\n      <\/div>\r\n        <\/div>\r\n<style type=\"text\/css\">\r\n   .wpm_6310_team_style_2 {\r\n      background: #222;\r\n      float: left;\r\n      text-align: center;\r\n      overflow: hidden;\r\n      transition: all 0.3s ease 0s;\r\n      background: rgba(39, 39, 39, 1);\r\n      -webkit-border-radius: 0%;\r\n      -o-border-radius: 0%;\r\n      -moz-border-radius: 0%;\r\n      -ms-border-radius: 0%;\r\n      border-radius: 0%;\r\n      border-style: solid;\r\n      border-width: 0px;\r\n      border-color: rgba(230, 126, 34, 1);\r\n      box-shadow: 0 0 0px 0px rgba(84, 0, 0, 1);\r\n      -moz-box-shadow: 0 0 0px 0px rgba(84, 0, 0, 1);\r\n      -o-box-shadow: 0 0 0px 0px rgba(84, 0, 0, 1);\r\n      -webkit-box-shadow: 0 0 0px 0px rgba(84, 0, 0, 1);\r\n      -ms-box-shadow: 0 0 0px 0px rgba(84, 0, 0, 1);\r\n      width: calc(100% - 0px);\r\n      float: left;\r\n      position: relative;\r\n   }\r\n\r\n   .wpm_6310_team_style_2_pic {\r\n      transition: all 0.3s ease 0s;\r\n      width: 100%;\r\n   }\r\n\r\n   .wpm_6310_team_style_2_pic img {\r\n      width: 100%;\r\n      height: auto;\r\n      float: left;\r\n      padding: 0 !important;\r\n      margin: 0 !important;\r\n      border-radius: 0;\r\n   }\r\n\r\n   .wpm_6310_team_style_2_team_content {\r\n      float: left;\r\n      width: 100%;\r\n   }\r\n\r\n   .wpm_6310_team_style_2_title {\r\n      font-size: 18px;\r\n      color: rgb(255, 255, 255);\r\n      font-weight: 600;\r\n      text-transform: uppercase;\r\n      font-family: Shanti;\r\n      line-height: 24px;\r\n      padding-top: 20px;\r\n      float: left;\r\n      width: 100%;\r\n   }\r\n\r\n   .wpm_6310_team_style_2_designation {\r\n      font-size: 14px;\r\n      color: rgb(187, 187, 187);\r\n      font-weight: 200;\r\n      text-transform: capitalize;\r\n      font-family: Shanti;\r\n      line-height: 22px;\r\n      display: block;\r\n      margin: 0 0 10px 0;\r\n      float: left;\r\n      width: 100%;\r\n\r\n   }\r\n\r\n   .wpm_6310_team_style_2_description {\r\n      color: rgb(255, 255, 255);\r\n      margin: 0 10px 10px;\r\n      float: left;\r\n      width: calc(100% - 20px);\r\n      font-size: 14px;\r\n      line-height: 20px;\r\n      font-family: Shanti;\r\n   }\r\n\r\n   ul.wpm_6310_team_style_2_social {\r\n      list-style: none;\r\n      border-top: 1px solid rgba(230, 126, 34, 1);\r\n      padding: 0 !important;\r\n      margin: 0 !important;\r\n      float: left;\r\n      width: 100%;\r\n   }\r\n\r\n   ul.wpm_6310_team_style_2_social li {\r\n      display: inline-block;\r\n      margin: 10px 10px 10px 0 !important;\r\n      padding: 0 !important;\r\n   }\r\n\r\n   ul.wpm_6310_team_style_2_social li:last-child {\r\n      margin-right: 0 !important;\r\n   }\r\n\r\n   ul.wpm_6310_team_style_2_social li:before,\r\n   ul.wpm_6310_team_style_2_social li:after {\r\n      display: none !important;\r\n   }\r\n\r\n   ul.wpm_6310_team_style_2_social li a {\r\n      display: block;\r\n      transition: all 0.3s ease 0s;\r\n      font-size: 18px;\r\n      border-radius: 10%;\r\n      -moz-border-radius: 10%;\r\n      -webkit-border-radius: 10%;\r\n      -o-border-radius: 10%;\r\n      -ms-border-radius: 10%;\r\n      box-shadow: none;\r\n      text-decoration: none;\r\n      padding: 0;\r\n      margin: 0;\r\n   }\r\n\r\n   ul.wpm_6310_team_style_2_social li a:hover {\r\n      box-shadow: none;\r\n   }\r\n\r\n   .wpm_6310_team_style_2:hover .wpm_6310_team_style_2_pic {\r\n      transform: translateY(6px);\r\n   }\r\n<\/style>\r\n\r\n<script>\r\njQuery(document).ready(function() {  \r\n\tjQuery(\"body\").on(\"click\", \".wpm_6310_team_member_info\", function (event) {\r\n      if(jQuery('div').hasClass('wpm_6310_modal')){\r\n        event.preventDefault();\r\n        return;\r\n      }\r\n      var html = '<div id=\"mywpm_6310_modal\" class=\"wpm_6310_modal\">';\r\n      html += '<div class=\"wpm_6310_modal-content\">';\r\n      html += '<span class=\"wpm-6310-close\">&times;<\/span>';\r\n      html += '<div class=\"wpm_6310_modal_body_picture\">';\r\n      html += '<img src=\"\" id=\"wpm_6310_modal_img\" \/>';\r\n      html += '<\/div>';\r\n      html += '<div class=\"wpm_6310_modal_body_content\">';\r\n      html += '<div id=\"wpm_6310_modal_designation\"><\/div>';\r\n      html += '<div id=\"wpm_6310_modal_name\"><\/div>';\r\n      html += '<div id=\"wpm_6310_modal_details\"><\/div>';\r\n      html += '<br><br>';\r\n      html += '<div class=\"wpm_6310_modal_social\"><\/div>';\r\n      html += '<\/div>';\r\n      html += '<br class=\"wpm_6310_clear\" \/>';\r\n      html += '<\/div>';\r\n      html += '<br class=\"wpm-6310-clear\" \/>';\r\n      html += '<\/div>';\r\n      jQuery(\"body\").prepend(html);\r\n\r\n      var modalId = parseInt(jQuery(this).attr(\"team-id\"));\r\n      var linkId = parseInt(jQuery(this).attr(\"link-id\"));\r\n      if (linkId > 0) {\r\n         if (jQuery(this).attr(\"target\") == \"1\") {\r\n            window.open(jQuery(this).attr(\"link-url\"), '_blank').focus();\r\n         } else {\r\n            window.open(jQuery(this).attr(\"link-url\"), '_parent').focus();\r\n         }\r\n      } else if (modalId > 0) {\r\n         jQuery(\"#wpm_6310_loading\").show();\r\n         jQuery(\"body\").css({\r\n               \"overflow\": \"hidden\"\r\n            });\r\n         jQuery.ajax({\r\n            type: \"GET\",\r\n            dataType: \"json\",\r\n            url: my_ajax_object.ajax_url,\r\n            data: {action: \"wpm_6310_team_member_details\", 'ids': modalId},\r\n            success: function (data) {\r\n               jQuery(\"#wpm_6310_loading\").hide();\r\n               jQuery(\".wpm_6310_modal-content\").css({\r\n                  \"animation-name\": \"wpm-animate\" + data['styledata']['effect']\r\n               });\r\n               jQuery(\"#mywpm_6310_modal\").show();\r\n               jQuery(\"#wpm_6310_modal_img\").attr(\"src\", data['styledata']['image']);\r\n               jQuery(\"#wpm_6310_modal_designation\").text(data['styledata']['designation']);\r\n               jQuery(\"#wpm_6310_modal_name\").text(data['styledata']['name']);\r\n               jQuery(\".wpm_6310_modal_social\").html(\"\");\r\n\r\n               jQuery(\".wpm_6310_modal_social\").append(data['link']);\r\n\r\n               jQuery(\"#wpm_6310_modal_details\").html(data['styledata']['profile_details'].replace(\/\\n\/g, \"<br>\"));\r\n            }\r\n         });\r\n      }\r\n   });\r\n\t\r\n  jQuery(\"a.open_in_new_tab_class\").on(\"click\", function(event) {\r\n    event.preventDefault();\r\n    if (jQuery(this).attr(\"target\") == \"_blank\") {\r\n      window.open(jQuery(this).attr(\"href\"), '_blank').focus();\r\n    } else if (jQuery(this).attr(\"wpm-6310-tooltip\") == \"yes\") {\r\n      let totalWidth = parseInt(jQuery(this).parent().parent().width()) + 20;\r\n      let pos = parseInt(jQuery(this).position().left);\r\n\r\n      if (pos - 70 < 0) {\r\n        jQuery('head').append('<style>.wpm-6310-tooltip:after{left: ' + 0 +\r\n          'px !important; right: initial !important;}<\/style>');\r\n      } else if (totalWidth > 170 && pos + 90 < totalWidth) {\r\n        jQuery('head').append('<style>.wpm-6310-tooltip:after{left: ' + (pos - 60) +\r\n          'px !important; right: initial !important;}<\/style>');\r\n      } else {\r\n        jQuery('head').append('<style>.wpm-6310-tooltip:after{left: initial !important; right: ' + 0 +\r\n          'px !important;}<\/style>');\r\n      }\r\n    } else {\r\n      window.open(jQuery(this).attr(\"href\"), '_parent').focus();\r\n    }\r\n    return false;\r\n  });\r\n\r\n  jQuery(\"a.open_in_new_tab_class\").on(\"hover\", function(event) {\r\n    if (jQuery(this).attr(\"wpm-6310-tooltip\") == \"yes\") {\r\n      let totalWidth = parseInt(jQuery(this).parent().parent().width()) + 20;\r\n      let pos = parseInt(jQuery(this).position().left);\r\n\r\n      if (pos - 70 < 0) {\r\n        jQuery('head').append('<style>.wpm-6310-tooltip:after{left: ' + 0 +\r\n          'px !important; right: initial !important;}<\/style>');\r\n      } else if (totalWidth > 170 && pos + 90 < totalWidth) {\r\n        jQuery('head').append('<style>.wpm-6310-tooltip:after{left: ' + (pos - 60) +\r\n          'px !important; right: initial !important;}<\/style>');\r\n      } else {\r\n        jQuery('head').append('<style>.wpm-6310-tooltip:after{left: initial !important; right: ' + 0 +\r\n          'px !important;}<\/style>');\r\n      }\r\n    }\r\n  });\r\n});\r\n<\/script>\r\n<style type=\"text\/css\">\r\n  .wpm-6310-tooltip:hover:after {\r\n  display: -webkit-flex;\r\n  display: flex;\r\n  -webkit-justify-content: center;\r\n  justify-content: center;\r\n  background: rgba(0, 119, 181, 1);\r\n  border-radius: 5px;\r\n  color: #fff;\r\n  content: attr(tooltip-href);\r\n  margin: -85px 5px 0;\r\n  font-size: 14px;\r\n  line-height: 25px;\r\n  padding: 8px 10px;\r\n  position: absolute;\r\n  z-index: 999;\r\n  min-width: 140px;\r\n}\r\n.wpm_main_template{\r\n  position: relative;\r\n  z-index: 0;\r\n}\r\n.wpm-6310-row img, .wpm-6310-owl-item img{\r\n  float: left !important;\r\n  width: 100% !important;\r\n}\r\n.wpm_main_template, .wpm_main_template a{\r\n  box-shadow: none !important;\r\n}\r\n.wpm-6310-row{\r\n  width: 100%;\r\n  clear: both;\r\n  display: table;\r\n  text-align: center;\r\n  font-size: 0;\r\n}\r\n.wpm-6310-img-responsive{\r\n  width: 100%;\r\n  height: auto;\r\n}\r\n.wpm_6310_team_style_2 figcaption{\r\n  padding: 0;\r\n  margin: 0;\r\n  border: none;\r\n}\r\n.wpm-6310-owl-carousel .wpm-6310-item-2{\r\n  padding: 5px 0;\r\n}\r\n.wpm_6310_team_member_info{\r\n  cursor: pointer;\r\n}\r\n.wpm-6310-col-1{\r\n  width: 100%;\r\n  margin-bottom: 30px;\r\n  float: left;\r\n  position: relative;\r\n}\r\n.wpm-6310-col-2, .wpm-6310-col-3, .wpm-6310-col-4, .wpm-6310-col-5, .wpm-6310-col-6{\r\n  margin-right: auto;\r\n  margin-bottom: 30px;\r\n  display: inline-block;\r\n  padding-left: 15px;\r\n  padding-right: 15px;\r\n  vertical-align: top;\r\n}\r\n.wpm-6310-col-2{\r\n  width: calc(50% - 5px);\r\n}\r\n.wpm-6310-col-3{\r\n  width: calc(33.33% - 5px);\r\n}\r\n.wpm-6310-col-4{\r\n  width: calc(25% - 5px);\r\n}\r\n.wpm-6310-col-5{\r\n  width: calc(20% - 5px);\r\n}\r\n.wpm-6310-col-6{\r\n  width: calc(16.6667% - 5px);\r\n}\r\n.wpm-6310-col-2:nth-child(2n), .wpm-6310-col-3:nth-child(3n), .wpm-6310-col-4:nth-child(4n), .wpm-6310-col-5:nth-child(5n), .wpm-6310-col-6:nth-child(6n){\r\n  margin-right: 0;\r\n}\r\nul.wpm_6310_team_style_2_social i[class*=\"fa-\"]{\r\n  line-height: 32px !important;\r\n  width: 35px !important;;\r\n  height: 35px !important;;\r\n}\r\n@media screen and (max-width: 767px) {\r\n  .wpm-6310-col-2, .wpm-6310-col-3, .wpm-6310-col-4, .wpm-6310-col-5, .wpm-6310-col-6{\r\n    width: 100%;\r\n  }\r\n}\r\n  #wpm-6310-slider-2 .wpm-6310-owl-nav div {\r\n    position: absolute;\r\n    top: calc(50% - 36px);\r\n    background: rgba(0, 0, 0, 0.8);\r\n    color: rgba(255, 255, 255, 1);\r\n    margin: 0;\r\n    transition: all 0.3s ease-in-out;\r\n    text-align: center;\r\n    padding: 0;\r\n  }\r\n  #wpm-6310-slider-2 .wpm-6310-owl-nav div:hover{\r\n    background: rgba(130, 130, 130, 0.81);\r\n    color: rgba(255, 255, 255, 1);\r\n  }\r\n  #wpm-6310-slider-2 .wpm-6310-owl-nav div.wpm-6310-owl-prev {\r\n    left: 0;\r\n    border-radius: 0 10% 10% 0;\r\n  }\r\n  #wpm-6310-slider-2 .wpm-6310-owl-nav div.wpm-6310-owl-next {\r\n    right: 0px;\r\n    border-radius: 10% 0 0 10%;\r\n  }\r\n  #wpm-6310-slider-2 .wpm-6310-owl-nav div.wpm-6310-owl-prev i[class*=\"fa-\"], #wpm-6310-slider-2 .wpm-6310-owl-nav div.wpm-6310-owl-next i[class*=\"fa-\"]{\r\n    color: rgba(255, 255, 255, 1);\r\n    top: 0;\r\n    font-size: 18px;\r\n    line-height: 36px;\r\n    height: 36px;\r\n    width: 36px;\r\n  }\r\n  #wpm-6310-slider-2 .wpm-6310-owl-nav div.wpm-6310-owl-prev:hover i[class*=\"fa-\"],\r\n  #wpm-6310-slider-2 .wpm-6310-owl-nav div.wpm-6310-owl-next:hover i[class*=\"fa-\"]{\r\n    color: rgba(255, 255, 255, 1);\r\n  }\r\n  #wpm-6310-slider-2 .wpm-6310-wpm-6310-owl-dots {\r\n    text-align: center;\r\n    padding-top: 15px;\r\n  }\r\n  #wpm-6310-slider-2 .wpm-6310-wpm-6310-owl-dots div {\r\n    width: 18px;\r\n    height: 18px;\r\n    border-radius: 50%;\r\n    display: inline-block;\r\n    background-color: rgba(250, 0, 0, 0.8);\r\n    margin: 0 3px;\r\n  }\r\n  #wpm-6310-slider-2 .wpm-6310-wpm-6310-owl-dots div.active {\r\n    background-color: rgba(0, 0, 0, 0.94);\r\n  }\r\n  <\/style>\r\n\r\n<div id=\"wpm_6310_loading\">\r\n  <img src=\"https:\/\/www.wpmart.org\/wp-content\/uploads\/2020\/08\/loading.gif\" \/>\r\n<\/div>\r\n\r\n<script>\r\n\r\njQuery(document).ready(function (e) {\r\n  jQuery(\"body\").on(\"click\", \".wpm-6310-close\", function () {\r\n    jQuery(\"#mywpm_6310_modal\").remove();\r\n    jQuery(\"#mywpm_6310_modal\").fadeOut(500);\r\n    jQuery(\"body\").css({\r\n      \"overflow\": \"auto\"\r\n    });\r\n  });\r\n\r\n  jQuery(window).click(function (event) {\r\n    if (event.target == document.getElementById('mywpm_6310_modal')) {\r\n      jQuery(\"#mywpm_6310_modal\").remove();\r\n      jQuery(\"#mywpm_6310_modal\").fadeOut(500);\r\n      jQuery(\"body\").css({\r\n        \"overflow\": \"auto\"\r\n      });\r\n    }\r\n  });\r\n      var owlVar = jQuery(\"#wpm-6310-slider-2\");\r\n    owlVar.tss6310OwlCarousel({\r\n      autoplay: true,\r\n      lazyLoad: true,\r\n      loop: true,\r\n      margin: 30,\r\n      autoplayTimeout: 4000,\r\n      autoplayHoverPause: true,\r\n      responsiveClass: true,\r\n      autoHeight: true,\r\n      nav: true,\r\n      dots: true,\r\n      navText: [\"<i class='fas fa-angle-left'><\/i>\", \"<i class='fas fa-angle-right'><\/i>\"],\r\n      responsive: {\r\n        0: {\r\n          items: 1\r\n        },\r\n        600: {\r\n          items: 2        },\r\n        1024: {\r\n          items: 3        },\r\n        1366: {\r\n          items: 3        }\r\n      }\r\n    });\r\n    owlVar.on('mouseleave', function () {\r\n      owlVar.trigger('stop.owlVar.autoplay'); \/\/this is main line to fix it\r\n      owlVar.trigger('play.owlVar.autoplay', [4000]);\r\n    });\r\n\r\n    jQuery('#wpm-6310-noslider-2').hide(); jQuery(\".wpm_6310_prev_next_act, #wpm_6310_prev, #wpm_6310_next, #wpm_6310_prev_font_icon, #wpm_6310_next_font_icon\").show();jQuery(\".wpm_6310_indicator_act, #wpm_6310_carousel_indicators\").show();});\r\n\r\n<\/script>\r\n\r\n<style type=\"text\/css\">\r\n.wpm_6310_modal, #wpm_6310_loading {\r\n  display: none; \/* Hidden by default *\/\r\n  position: fixed; \/* Stay in place *\/\r\n  z-index: 999999999; \/* Sit on top *\/\r\n  padding-top: 50px; \/* Location of the box *\/\r\n  left: 0;\r\n  top: 0;\r\n  width: 100%; \/* Full width *\/\r\n  height: 100%; \/* Full height *\/\r\n  overflow: auto; \/* Enable scroll if needed *\/\r\n  background-color: rgba(0,0,0,0.4); \/* Black w\/ opacity *\/\r\n  font-family: sans-serif;\r\n  letter-spacing: .02em;\r\n\r\n}\r\n\r\n\/* wpm_6310_modal Content *\/\r\n.wpm_6310_modal-content {\r\n  position: relative;\r\n  background-color: #fefefe;\r\n  margin: auto;\r\n  padding: 0;\r\n  border: 1px solid #888;\r\n  width: 75%;\r\n  padding: 20px 15px 40px;\r\n  box-shadow: 0 4px 8px 0 rgba(0,0,0,0.2),0 6px 20px 0 rgba(0,0,0,0.19);\r\n  border-radius: 5px;\r\n  -webkit-animation-duration: 0.4s;\r\n  animation-duration: 0.4s;\r\n  margin-bottom: 50px;\r\n}\r\n\r\n\/* Add Animation *\/\r\n@-webkit-keyframes wpm-animatetop {\r\n  from {top:-300px; opacity:0}\r\n  to {top:0; opacity:1}\r\n}\r\n@keyframes wpm-animatetop {\r\n  from {top:-300px; opacity:0}\r\n  to {top:0; opacity:1}\r\n}\r\n\r\n@keyframes wpm-animatebottom {\r\n  from {bottom:-300px; opacity:0}\r\n  to {bottom:0; opacity:1}\r\n}\r\n\r\n@-webkit-keyframes wpm-animatebottom {\r\n  from {bottom:-300px; opacity:0}\r\n  to {bottom:0; opacity:1}\r\n}\r\n\r\n@keyframes wpm-animateleft {\r\n  from {left:-300px; opacity:0}\r\n  to {left:0; opacity:1}\r\n}\r\n\r\n@-webkit-keyframes wpm-animateleft {\r\n  from {left:-300px; opacity:0}\r\n  to {left:0; opacity:1}\r\n}\r\n\r\n@keyframes wpm-animateright {\r\n  from {right:-300px; opacity:0}\r\n  to {right:0; opacity:1}\r\n}\r\n\r\n@-webkit-keyframes wpm-animateright {\r\n  from {right:-300px; opacity:0}\r\n  to {right:0; opacity:1}\r\n}\r\n\/* The Close Button *\/\r\n.wpm-6310-close {\r\n  color: #000;\r\n  float: right;\r\n  font-size: 28px;\r\n  font-weight: bold;\r\n  line-height: 28px;\r\n  padding: 0;\r\n  margin: 0;\r\n  position: absolute;\r\n  right: 20px;\r\n  top: 15px;\r\n}\r\n\r\n.wpm-6310-close:hover,\r\n.wpm-6310-close:focus {\r\n  color: #878787;\r\n  text-decoration: none;\r\n  cursor: pointer;\r\n}\r\n.wpm_6310_modal_body_picture {\r\n  float: left;\r\n  width: 300px;\r\n  padding-right: 15px;}\r\n  .wpm_6310_modal_body_content{\r\n    width: calc(100% - 315px);\r\n    float: left;\r\n  }\r\n  .wpm_6310_modal_body_picture img{\r\n    width: calc(100% - 12px) !important;\r\n    height: auto;\r\n    border: 1px solid #ccc;\r\n    padding: 5px;\r\n  }\r\n  #wpm_6310_modal_designation{\r\n    font-size: 14px;\r\n    text-transform: uppercase;\r\n    font-weight: 300;\r\n    color: #727272\r\n  }\r\n  #wpm_6310_modal_name{\r\n    text-transform: capitalize;\r\n    font-size: 22px;\r\n    line-height: 30px;\r\n    margin: 0 0 25px;\r\n    font-weight: 600;\r\n    color: #272727;\r\n  }\r\n  #wpm_6310_modal_details, #wpm_6310_modal_details p{\r\n    font-size: 14px;\r\n    line-height: 20px;\r\n    color: #272727;\r\n    padding: 0;\r\n    margin: 0 0 10px 0;\r\n  }\r\n  .wpm_6310_modal_social a{\r\n    width: 35px;\r\n    height: 35px;\r\n    line-height: 35px;\r\n    float:  left;\r\n    margin: 15px 10px 0 0;\r\n    font-size: 18px;\r\n    border-radius: 3px;\r\n    text-align: center;\r\n    cursor: pointer;\r\n    -webkit-transition: all 0.3s ease 0s;\r\n    -moz-transition: all 0.3s ease 0s;\r\n    -ms-transition: all 0.3s ease 0s;\r\n    -o-transition: all 0.3s ease 0s;\r\n    transition: all 0.3s ease 0s;\r\n    padding: 0;\r\n    box-shadow: none;\r\n    text-decoration: none;\r\n  }\r\n  .wpm_6310_modal_social a:hover{\r\n    box-shadow: none;\r\n  }\r\n\r\n  .wpm_6310_modal-footer {\r\n    padding: 10px 15px;\r\n    color: white;\r\n  }\r\n  br.wpm_6310_clear{\r\n    clear: both;\r\n  }\r\n  #wpm_6310_loading{\r\n    padding-top: 170px; \/* Location of the box *\/\r\n    text-align: center;\r\n    background-color: rgba(0,0,0,0.7); \/* Black w\/ opacity *\/\r\n  }\r\n  #wpm_6310_loading img{\r\n    border-radius: 50%;\r\n    width: 200px;\r\n    height: 200px;\r\n    position: absolute;\r\n    left: calc(50% - 100px);\r\n  }\r\n  @media only screen and (max-width: 600px) {\r\n    .wpm_6310_modal-content{\r\n      width: 90%;\r\n    }\r\n    .wpm_6310_modal_body_content, .wpm_6310_modal_body_picture img{\r\n      width: 100% !important;\r\n    }\r\n    .wpm_6310_modal_body_picture{\r\n      width: 100%;\r\n      padding: 0;\r\n    }\r\n  }\r\n<\/style>\r\n<!-- #####################  Slider Section Start #################### -->\r\n\r\n\r\n    <style type=\"text\/css\">\r\n    ul.wpm_6310_team_style_2_social{\r\n      padding: 0 !important;\r\n      list-style: none !important;\r\n    }\r\n    ul.wpm_6310_team_style_2_social li{\r\n      display: inline-block !important;\r\n      padding: 0 !important;\r\n    }\r\n    ul.wpm_6310_team_style_2_social li a{\r\n      display: inline-block !important;\r\n      box-shadow: none !important;\r\n      text-decoration: none !important;\r\n      padding: 0 !important;\r\n      margin: 0 !important;\r\n    }\r\n    ul.wpm_6310_team_style_2_social li a:hover{\r\n      box-shadow: none !important;\r\n      text-decoration: none !important;\r\n    }\r\n    <\/style>\r\n    <\/div>\n","protected":false},"excerpt":{"rendered":"<p>La historia de este grupo de investigaci\u00f3n es relativamente breve, aunque est\u00e1 formado por un grupo de investigadores de reconocido prestigio y con una importante experiencia en la direcci\u00f3n y desarrollo de proyectos de investigaci\u00f3n y de transferencia tecnol\u00f3gica. Bienvenidos a GIIA<\/p>\n","protected":false},"author":1,"featured_media":0,"parent":0,"menu_order":0,"comment_status":"closed","ping_status":"closed","template":"","meta":[],"_links":{"self":[{"href":"https:\/\/giia.inf.um.es\/wordpress\/index.php\/wp-json\/wp\/v2\/pages\/2"}],"collection":[{"href":"https:\/\/giia.inf.um.es\/wordpress\/index.php\/wp-json\/wp\/v2\/pages"}],"about":[{"href":"https:\/\/giia.inf.um.es\/wordpress\/index.php\/wp-json\/wp\/v2\/types\/page"}],"author":[{"embeddable":true,"href":"https:\/\/giia.inf.um.es\/wordpress\/index.php\/wp-json\/wp\/v2\/users\/1"}],"replies":[{"embeddable":true,"href":"https:\/\/giia.inf.um.es\/wordpress\/index.php\/wp-json\/wp\/v2\/comments?post=2"}],"version-history":[{"count":4,"href":"https:\/\/giia.inf.um.es\/wordpress\/index.php\/wp-json\/wp\/v2\/pages\/2\/revisions"}],"predecessor-version":[{"id":74,"href":"https:\/\/giia.inf.um.es\/wordpress\/index.php\/wp-json\/wp\/v2\/pages\/2\/revisions\/74"}],"wp:attachment":[{"href":"https:\/\/giia.inf.um.es\/wordpress\/index.php\/wp-json\/wp\/v2\/media?parent=2"}],"curies":[{"name":"wp","href":"https:\/\/api.w.org\/{rel}","templated":true}]}}